{"id":44,"date":"2025-07-30T15:43:00","date_gmt":"2025-07-30T13:43:00","guid":{"rendered":"https:\/\/ingo-haese-beratung.de\/?page_id=44"},"modified":"2025-08-03T21:54:59","modified_gmt":"2025-08-03T19:54:59","slug":"home-2","status":"publish","type":"page","link":"https:\/\/ingo-haese-beratung.de\/","title":{"rendered":"Home"},"content":{"rendered":"<p>[et_pb_section fb_built=&#8220;1&#8243; admin_label=&#8220;Hero&#8220; _builder_version=&#8220;4.17.6&#8243; _module_preset=&#8220;default&#8220; locked=&#8220;off&#8220; collapsed=&#8220;on&#8220; global_colors_info=&#8220;{}&#8220;][et_pb_row column_structure=&#8220;1_2,1_2&#8243; _builder_version=&#8220;4.24.2&#8243; _module_preset=&#8220;5138c454-be54-4233-bd3b-f8e6a8747976&#8243; locked=&#8220;off&#8220; global_colors_info=&#8220;{}&#8220;][et_pb_column type=&#8220;1_2&#8243; _builder_version=&#8220;4.23.1&#8243; _module_preset=&#8220;73121f80-a3ef-4484-8763-c3f18e3c56d2&#8243; global_colors_info=&#8220;{}&#8220;][et_pb_heading title=&#8220;Entdecken Sie den Weg zum Erfolg&#8220; _builder_version=&#8220;4.24.2&#8243; _module_preset=&#8220;f0c675ea-2574-4d0e-b725-30f8550a8550&#8243; title_text_color=&#8220;gcid-primary-color&#8220; locked=&#8220;off&#8220; global_colors_info=&#8220;{%22gcid-primary-color%22:%91%22title_text_color%22%93}&#8220;][\/et_pb_heading][et_pb_heading title=&#8220;Ingo Haese Beratung: Zuh\u00f6ren &#8211; Austausch &#8211; Erfolg&#8220; _builder_version=&#8220;4.24.3&#8243; _module_preset=&#8220;ddeb8c09-9078-4424-bc15-2efb6572e28e&#8220; locked=&#8220;off&#8220; global_colors_info=&#8220;{}&#8220;][\/et_pb_heading][et_pb_text _builder_version=&#8220;4.24.2&#8243; _module_preset=&#8220;2c55a9c4-feed-423b-9edb-ae0b5b365cac&#8220; locked=&#8220;off&#8220; global_colors_info=&#8220;{}&#8220;]<\/p>\n<p>Willkommen bei Ingo Haese Beratung, wo Zuh\u00f6ren der Schl\u00fcssel zu Ihrem Erfolg ist. Lassen Sie uns gemeinsam Ihre Ziele erreichen.<\/p>\n<p>[\/et_pb_text][et_pb_button button_text=&#8220;Mehr Erfahren&#8220; _builder_version=&#8220;4.24.2&#8243; _module_preset=&#8220;1bffc0fc-42a0-49d1-bd9a-ae3ade2d7206&#8243; locked=&#8220;off&#8220; global_colors_info=&#8220;{}&#8220;][\/et_pb_button][\/et_pb_column][et_pb_column type=&#8220;1_2&#8243; _builder_version=&#8220;4.23.1&#8243; _module_preset=&#8220;73121f80-a3ef-4484-8763-c3f18e3c56d2&#8243; global_colors_info=&#8220;{}&#8220;][et_pb_image src=&#8220;https:\/\/ingo-haese-beratung.de\/wp-content\/uploads\/2025\/07\/Screenshot-2025-07-31-123857.jpg&#8220; title_text=&#8220;Ingo Haese&#8220; _builder_version=&#8220;4.27.4&#8243; _module_preset=&#8220;1cc6152f-565c-4c4d-b0c9-cf8c9576c341&#8243; hover_enabled=&#8220;0&#8243; box_shadow_style=&#8220;preset4&#8243; box_shadow_horizontal=&#8220;0px&#8220; box_shadow_vertical=&#8220;24px&#8220; box_shadow_blur=&#8220;72px&#8220; box_shadow_spread=&#8220;-12px&#8220; locked=&#8220;off&#8220; global_colors_info=&#8220;{}&#8220; alt=&#8220;Ingo Haese&#8220; sticky_enabled=&#8220;0&#8243;][\/et_pb_image][\/et_pb_column][\/et_pb_row][\/et_pb_section][et_pb_section fb_built=&#8220;1&#8243; admin_label=&#8220;About&#8220; _builder_version=&#8220;4.25.1&#8243; _module_preset=&#8220;default&#8220; collapsed=&#8220;on&#8220; global_colors_info=&#8220;{}&#8220;][et_pb_row _builder_version=&#8220;4.25.1&#8243; _module_preset=&#8220;default&#8220; global_colors_info=&#8220;{}&#8220;][et_pb_column type=&#8220;4_4&#8243; _builder_version=&#8220;4.25.1&#8243; _module_preset=&#8220;default&#8220; global_colors_info=&#8220;{}&#8220;][et_pb_heading title=&#8220;\u00dcber Ingo Haese Beratung&#8220; _builder_version=&#8220;4.25.1&#8243; _module_preset=&#8220;c33f07d9-41e0-421a-8799-5799df695cce&#8220; global_colors_info=&#8220;{}&#8220;][\/et_pb_heading][\/et_pb_column][\/et_pb_row][et_pb_row column_structure=&#8220;1_2,1_2&#8243; _builder_version=&#8220;4.25.1&#8243; _module_preset=&#8220;default&#8220; global_colors_info=&#8220;{}&#8220;][et_pb_column type=&#8220;1_2&#8243; _builder_version=&#8220;4.25.1&#8243; _module_preset=&#8220;default&#8220; global_colors_info=&#8220;{}&#8220;][et_pb_text _builder_version=&#8220;4.25.1&#8243; _module_preset=&#8220;2c55a9c4-feed-423b-9edb-ae0b5b365cac&#8220; global_colors_info=&#8220;{}&#8220;]Ingo Haese Beratung steht f\u00fcr eine partnerschaftliche Zusammenarbeit, bei der Zuh\u00f6ren und Austausch im Mittelpunkt stehen. Unser Ziel ist es, durch ein tiefes Verst\u00e4ndnis Ihrer Bed\u00fcrfnisse ma\u00dfgeschneiderte L\u00f6sungen zu entwickeln, die nachhaltigen Erfolg garantieren. Wir glauben daran, dass der Schl\u00fcssel zu jedem erfolgreichen Projekt im offenen Dialog liegt, und freuen uns darauf, Sie auf Ihrem Weg zu begleiten.[\/et_pb_text][\/et_pb_column][et_pb_column type=&#8220;1_2&#8243; _builder_version=&#8220;4.25.1&#8243; _module_preset=&#8220;default&#8220; global_colors_info=&#8220;{}&#8220;][et_pb_text _builder_version=&#8220;4.25.1&#8243; _module_preset=&#8220;2c55a9c4-feed-423b-9edb-ae0b5b365cac&#8220; locked=&#8220;off&#8220; global_colors_info=&#8220;{}&#8220;]Seit unserer Gr\u00fcndung haben wir uns darauf spezialisiert, individuelle Beratungsans\u00e4tze zu bieten, die auf Vertrauen und Transparenz basieren. Unsere Mission ist es, durch gezielte Kommunikation und strategische Planung, Ihre Visionen in die Realit\u00e4t umzusetzen. Lassen Sie uns gemeinsam die Herausforderungen von heute in die Erfolge von morgen verwandeln.[\/et_pb_text][\/et_pb_column][\/et_pb_row][\/et_pb_section][et_pb_section fb_built=&#8220;1&#8243; admin_label=&#8220;Services&#8220; _builder_version=&#8220;4.18.0&#8243; _module_preset=&#8220;default&#8220; locked=&#8220;off&#8220; collapsed=&#8220;on&#8220; global_colors_info=&#8220;{}&#8220;][et_pb_row _builder_version=&#8220;4.18.0&#8243; _module_preset=&#8220;5138c454-be54-4233-bd3b-f8e6a8747976&#8243; custom_margin=&#8220;|auto|-10px|auto|false|false&#8220; global_colors_info=&#8220;{}&#8220;][et_pb_column type=&#8220;4_4&#8243; _builder_version=&#8220;4.18.0&#8243; _module_preset=&#8220;73121f80-a3ef-4484-8763-c3f18e3c56d2&#8243; global_colors_info=&#8220;{}&#8220;][et_pb_heading title=&#8220;Unsere Dienstleistungen&#8220; _builder_version=&#8220;4.24.3&#8243; _module_preset=&#8220;f0c675ea-2574-4d0e-b725-30f8550a8550&#8243; title_text_align=&#8220;center&#8220; title_text_color=&#8220;gcid-primary-color&#8220; global_colors_info=&#8220;{%22gcid-primary-color%22:%91%22title_text_color%22%93}&#8220;][\/et_pb_heading][et_pb_heading title=&#8220;Beratungsleistungen f\u00fcr Ihren Erfolg&#8220; _builder_version=&#8220;4.24.2&#8243; _module_preset=&#8220;c33f07d9-41e0-421a-8799-5799df695cce&#8220; title_text_align=&#8220;center&#8220; global_colors_info=&#8220;{}&#8220;][\/et_pb_heading][\/et_pb_column][\/et_pb_row][et_pb_row column_structure=&#8220;1_3,1_3,1_3&#8243; custom_padding_last_edited=&#8220;on|tablet&#8220; _builder_version=&#8220;4.18.0&#8243; _module_preset=&#8220;5138c454-be54-4233-bd3b-f8e6a8747976&#8243; custom_padding_tablet=&#8220;||0px||false|false&#8220; custom_padding_phone=&#8220;||0px||false|false&#8220; global_colors_info=&#8220;{}&#8220;][et_pb_column type=&#8220;1_3&#8243; _builder_version=&#8220;4.18.0&#8243; _module_preset=&#8220;73121f80-a3ef-4484-8763-c3f18e3c56d2&#8243; global_colors_info=&#8220;{}&#8220;][et_pb_blurb title=&#8220;Individuelle Unternehmensberatung&#8220; use_icon=&#8220;on&#8220; font_icon=&#8220;&#xf469;||fa||900&#8243; icon_color=&#8220;gcid-secondary-color&#8220; _builder_version=&#8220;4.25.1&#8243; _module_preset=&#8220;65059203-12d3-44f6-8371-3f5cf61a0475&#8243; global_colors_info=&#8220;{%22gcid-36fd78a7-34bc-404d-873c-dafa34efaae5%22:%91%22image_icon_background_color%22,%22image_icon_background_color%22%93,%22gcid-heading-color%22:%91%22header_text_color%22,%22header_text_color%22%93,%22gcid-body-color%22:%91%22body_text_color%22,%22body_text_color%22%93,%22gcid-primary-color%22:%91%22body_link_text_color%22%93,%22gcid-secondary-color%22:%91%22icon_color%22%93}&#8220;]<\/p>\n<p>Wir bieten ma\u00dfgeschneiderte L\u00f6sungen, die speziell auf die Bed\u00fcrfnisse Ihres Unternehmens abgestimmt sind, um nachhaltiges Wachstum zu f\u00f6rdern.<\/p>\n<p>[\/et_pb_blurb][\/et_pb_column][et_pb_column type=&#8220;1_3&#8243; _builder_version=&#8220;4.18.0&#8243; _module_preset=&#8220;73121f80-a3ef-4484-8763-c3f18e3c56d2&#8243; global_colors_info=&#8220;{}&#8220;][et_pb_blurb title=&#8220;Strategische Planung&#8220; use_icon=&#8220;on&#8220; font_icon=&#8220;&#xf200;||fa||900&#8243; icon_color=&#8220;gcid-secondary-color&#8220; _builder_version=&#8220;4.25.1&#8243; _module_preset=&#8220;65059203-12d3-44f6-8371-3f5cf61a0475&#8243; global_colors_info=&#8220;{%22gcid-36fd78a7-34bc-404d-873c-dafa34efaae5%22:%91%22image_icon_background_color%22%93,%22gcid-heading-color%22:%91%22header_text_color%22%93,%22gcid-body-color%22:%91%22body_text_color%22%93,%22gcid-primary-color%22:%91%22body_link_text_color%22%93,%22gcid-secondary-color%22:%91%22icon_color%22%93}&#8220;]<\/p>\n<p>Unsere Experten helfen Ihnen, klare und effektive Strategien zu entwickeln, die Ihre Gesch\u00e4ftsziele unterst\u00fctzen und vorantreiben.<\/p>\n<p>[\/et_pb_blurb][\/et_pb_column][et_pb_column type=&#8220;1_3&#8243; _builder_version=&#8220;4.18.0&#8243; _module_preset=&#8220;73121f80-a3ef-4484-8763-c3f18e3c56d2&#8243; global_colors_info=&#8220;{}&#8220;][et_pb_blurb title=&#8220;Kommunikationsberatung&#8220; use_icon=&#8220;on&#8220; font_icon=&#8220;&#xf653;||fa||900&#8243; icon_color=&#8220;gcid-secondary-color&#8220; _builder_version=&#8220;4.25.1&#8243; _module_preset=&#8220;65059203-12d3-44f6-8371-3f5cf61a0475&#8243; global_colors_info=&#8220;{%22gcid-36fd78a7-34bc-404d-873c-dafa34efaae5%22:%91%22image_icon_background_color%22%93,%22gcid-heading-color%22:%91%22header_text_color%22%93,%22gcid-body-color%22:%91%22body_text_color%22%93,%22gcid-primary-color%22:%91%22body_link_text_color%22%93,%22gcid-secondary-color%22:%91%22icon_color%22%93}&#8220;]<\/p>\n<p>Optimieren Sie Ihre internen und externen Kommunikationsprozesse, um eine effizientere Zusammenarbeit und st\u00e4rkere Kundenbeziehungen zu f\u00f6rdern.<\/p>\n<p>[\/et_pb_blurb][\/et_pb_column][\/et_pb_row][et_pb_row column_structure=&#8220;1_3,1_3,1_3&#8243; _builder_version=&#8220;4.18.0&#8243; _module_preset=&#8220;5138c454-be54-4233-bd3b-f8e6a8747976&#8243; global_colors_info=&#8220;{}&#8220;][et_pb_column type=&#8220;1_3&#8243; _builder_version=&#8220;4.18.0&#8243; _module_preset=&#8220;73121f80-a3ef-4484-8763-c3f18e3c56d2&#8243; global_colors_info=&#8220;{}&#8220;][et_pb_blurb title=&#8220;Change Management&#8220; use_icon=&#8220;on&#8220; font_icon=&#8220;&#xf362;||fa||900&#8243; icon_color=&#8220;gcid-secondary-color&#8220; _builder_version=&#8220;4.25.1&#8243; _module_preset=&#8220;65059203-12d3-44f6-8371-3f5cf61a0475&#8243; global_colors_info=&#8220;{%22gcid-36fd78a7-34bc-404d-873c-dafa34efaae5%22:%91%22image_icon_background_color%22%93,%22gcid-heading-color%22:%91%22header_text_color%22%93,%22gcid-body-color%22:%91%22body_text_color%22%93,%22gcid-primary-color%22:%91%22body_link_text_color%22%93,%22gcid-secondary-color%22:%91%22icon_color%22%93}&#8220;]<\/p>\n<p>Begleiten Sie Ihre Organisation durch Ver\u00e4nderungsprozesse mit unserer Unterst\u00fctzung, um Widerst\u00e4nde zu minimieren und Akzeptanz zu maximieren.<\/p>\n<p>[\/et_pb_blurb][\/et_pb_column][et_pb_column type=&#8220;1_3&#8243; _builder_version=&#8220;4.18.0&#8243; _module_preset=&#8220;73121f80-a3ef-4484-8763-c3f18e3c56d2&#8243; global_colors_info=&#8220;{}&#8220;][et_pb_blurb title=&#8220;Workshops und Schulungen&#8220; use_icon=&#8220;on&#8220; font_icon=&#8220;&#xf509;||fa||900&#8243; icon_color=&#8220;gcid-secondary-color&#8220; _builder_version=&#8220;4.25.1&#8243; _module_preset=&#8220;65059203-12d3-44f6-8371-3f5cf61a0475&#8243; global_colors_info=&#8220;{%22gcid-36fd78a7-34bc-404d-873c-dafa34efaae5%22:%91%22image_icon_background_color%22%93,%22gcid-heading-color%22:%91%22header_text_color%22%93,%22gcid-body-color%22:%91%22body_text_color%22%93,%22gcid-primary-color%22:%91%22body_link_text_color%22%93,%22gcid-secondary-color%22:%91%22icon_color%22%93}&#8220;]<\/p>\n<p>Wir bieten interaktive Workshops und Schulungen an, um Ihre Teams zu st\u00e4rken und deren F\u00e4higkeiten zu erweitern.<\/p>\n<p>[\/et_pb_blurb][\/et_pb_column][et_pb_column type=&#8220;1_3&#8243; _builder_version=&#8220;4.18.0&#8243; _module_preset=&#8220;73121f80-a3ef-4484-8763-c3f18e3c56d2&#8243; global_colors_info=&#8220;{}&#8220;][et_pb_blurb title=&#8220;Konfliktl\u00f6sung&#8220; use_icon=&#8220;on&#8220; font_icon=&#8220;&#xf259;||fa||400&#8243; icon_color=&#8220;gcid-secondary-color&#8220; _builder_version=&#8220;4.25.1&#8243; _module_preset=&#8220;65059203-12d3-44f6-8371-3f5cf61a0475&#8243; global_colors_info=&#8220;{%22gcid-36fd78a7-34bc-404d-873c-dafa34efaae5%22:%91%22image_icon_background_color%22%93,%22gcid-heading-color%22:%91%22header_text_color%22%93,%22gcid-body-color%22:%91%22body_text_color%22%93,%22gcid-primary-color%22:%91%22body_link_text_color%22%93,%22gcid-secondary-color%22:%91%22icon_color%22%93}&#8220;]<\/p>\n<p>Mit unserer Hilfe k\u00f6nnen Sie Konflikte effektiv managen und eine harmonische Arbeitsumgebung schaffen.<\/p>\n<p>[\/et_pb_blurb][\/et_pb_column][\/et_pb_row][et_pb_row _builder_version=&#8220;4.23.1&#8243; _module_preset=&#8220;default&#8220; global_colors_info=&#8220;{}&#8220;][et_pb_column type=&#8220;4_4&#8243; _builder_version=&#8220;4.23.1&#8243; _module_preset=&#8220;default&#8220; global_colors_info=&#8220;{}&#8220;][et_pb_button button_text=&#8220;Unsere Leistungen Entdecken&#8220; button_alignment=&#8220;center&#8220; _builder_version=&#8220;4.23.1&#8243; _module_preset=&#8220;1bffc0fc-42a0-49d1-bd9a-ae3ade2d7206&#8243; global_colors_info=&#8220;{}&#8220;][\/et_pb_button][\/et_pb_column][\/et_pb_row][\/et_pb_section][et_pb_section fb_built=&#8220;1&#8243; admin_label=&#8220;Call to Action&#8220; _builder_version=&#8220;4.23.1&#8243; _module_preset=&#8220;default&#8220; use_background_color_gradient=&#8220;on&#8220; background_color_gradient_stops=&#8220;rgba(0,0,0,0.75) 0%|rgba(0,0,0,0.75) 100%&#8220; background_color_gradient_overlays_image=&#8220;on&#8220; background_image=&#8220;https:\/\/images.unsplash.com\/photo-1497093617469-a912881201c3?ixid=M3w1ODkyNzF8MHwxfHNlYXJjaHwxMHx8Y29uc3VsdGF0aW9uJTIwZGlzY3Vzc2lvbnxlbnwwfDB8fHwxNzUzODU5NzYzfDA&#038;ixlib=rb-4.1.0&#038;fm=webp&#038;fit=crop&#038;crop=entropy&#038;w=1920&#038;h=1080&#038;q=20&#038;dpr=2&#8243; custom_padding=&#8220;8vw||8vw||true|false&#8220; locked=&#8220;off&#8220; collapsed=&#8220;on&#8220; global_colors_info=&#8220;{%22gcid-36fd78a7-34bc-404d-873c-dafa34efaae5%22:%91%22button_text_color%22%93}&#8220;][et_pb_row _builder_version=&#8220;4.23.1&#8243; _module_preset=&#8220;5138c454-be54-4233-bd3b-f8e6a8747976&#8243; width=&#8220;70%&#8220; max_width=&#8220;none&#8220; global_colors_info=&#8220;{}&#8220;][et_pb_column type=&#8220;4_4&#8243; _builder_version=&#8220;4.17.6&#8243; _module_preset=&#8220;73121f80-a3ef-4484-8763-c3f18e3c56d2&#8243; global_colors_info=&#8220;{}&#8220;][et_pb_heading title=&#8220;Jetzt Kontakt aufnehmen&#8220; _builder_version=&#8220;4.24.2&#8243; _module_preset=&#8220;ddeb8c09-9078-4424-bc15-2efb6572e28e&#8220; title_text_align=&#8220;center&#8220; title_text_color=&#8220;#FFFFFF&#8220; global_colors_info=&#8220;{}&#8220;][\/et_pb_heading][et_pb_button button_url=&#8220;https:\/\/wa.me\/+4915560666507&#8243; url_new_window=&#8220;on&#8220; button_text=&#8220;Schreibe mir per WhatsApp&#8220; button_alignment=&#8220;center&#8220; _builder_version=&#8220;4.27.4&#8243; _module_preset=&#8220;ab15fb74-61a3-43aa-96b3-41e09aeef654&#8243; locked=&#8220;off&#8220; global_colors_info=&#8220;{}&#8220;][\/et_pb_button][\/et_pb_column][\/et_pb_row][\/et_pb_section]<\/p>\n","protected":false},"excerpt":{"rendered":"<p>Willkommen bei Ingo Haese Beratung, wo Zuh\u00f6ren der Schl\u00fcssel zu Ihrem Erfolg ist. Lassen Sie uns gemeinsam Ihre Ziele erreichen.Ingo Haese Beratung steht f\u00fcr eine partnerschaftliche Zusammenarbeit, bei der Zuh\u00f6ren und Austausch im Mittelpunkt stehen. Unser Ziel ist es, durch ein tiefes Verst\u00e4ndnis Ihrer Bed\u00fcrfnisse ma\u00dfgeschneiderte L\u00f6sungen zu entwickeln, die nachhaltigen Erfolg garantieren. Wir glauben [&hellip;]<\/p>\n","protected":false},"author":1,"featured_media":0,"parent":0,"menu_order":0,"comment_status":"closed","ping_status":"closed","template":"","meta":{"_et_pb_use_builder":"on","_et_pb_old_content":"","_et_gb_content_width":"","footnotes":""},"class_list":["post-44","page","type-page","status-publish","hentry"],"_links":{"self":[{"href":"https:\/\/ingo-haese-beratung.de\/index.php?rest_route=\/wp\/v2\/pages\/44","targetHints":{"allow":["GET"]}}],"collection":[{"href":"https:\/\/ingo-haese-beratung.de\/index.php?rest_route=\/wp\/v2\/pages"}],"about":[{"href":"https:\/\/ingo-haese-beratung.de\/index.php?rest_route=\/wp\/v2\/types\/page"}],"author":[{"embeddable":true,"href":"https:\/\/ingo-haese-beratung.de\/index.php?rest_route=\/wp\/v2\/users\/1"}],"replies":[{"embeddable":true,"href":"https:\/\/ingo-haese-beratung.de\/index.php?rest_route=%2Fwp%2Fv2%2Fcomments&post=44"}],"version-history":[{"count":4,"href":"https:\/\/ingo-haese-beratung.de\/index.php?rest_route=\/wp\/v2\/pages\/44\/revisions"}],"predecessor-version":[{"id":175,"href":"https:\/\/ingo-haese-beratung.de\/index.php?rest_route=\/wp\/v2\/pages\/44\/revisions\/175"}],"wp:attachment":[{"href":"https:\/\/ingo-haese-beratung.de\/index.php?rest_route=%2Fwp%2Fv2%2Fmedia&parent=44"}],"curies":[{"name":"wp","href":"https:\/\/api.w.org\/{rel}","templated":true}]}}